














{"id":1183,"date":"2025-02-13T10:46:08","date_gmt":"2025-02-13T09:46:08","guid":{"rendered":"https:\/\/zdruzenie.ooo\/?page_id=1183"},"modified":"2026-01-28T15:15:07","modified_gmt":"2026-01-28T14:15:07","slug":"kontakt","status":"publish","type":"page","link":"https:\/\/zdruzenie.ooo\/en\/kontakt\/","title":{"rendered":"Contact"},"content":{"rendered":"<p><\/p>\n<h6><\/h6>\n<h6><\/h6>\n<p>&nbsp;<\/p>\n<p>&nbsp;<\/p>\n<p>&nbsp;<\/p>\n<h6><strong>Eva Voz\u00e1rov\u00e1<\/strong> \/ program, fundraising, PR<\/h6>\n<h6><a href=\"mailto:eva@zdruzenie.ooo\">eva@zdruzenie.ooo<\/a> \/ 0903 103 015<\/h6>\n<p>&nbsp;<\/p>\n<h6><\/h6>\n<h6><strong>Fero Kir\u00e1ly<\/strong> \/ program, production, booking<\/h6>\n<h6><a href=\"mailto:fero.kiraly@gmail.com\" target=\"_blank\" rel=\"noopener\">fero.kiraly@gmail.com<\/a>\u00a0\/ 0904 219 364<\/h6>\n<p>&nbsp;<\/p>\n<h6><strong>T\u00e1\u0148a Lehock\u00e1<\/strong> \/ production<\/h6>\n<h6><a href=\"mailto:lehocka.tana@gmail.com\" target=\"_blank\" rel=\"noopener\">lehocka.tana@gmail.com<\/a>\u00a0\/ 0908 144 810<\/h6>\n<p>&nbsp;<\/p>\n<h6><strong>Alexandra Mirekov\u00e1<\/strong> \/ production<\/h6>\n<h6><a href=\"mailto:sashisko@gmail.com\" target=\"_blank\" rel=\"noopener\">sashisko@gmail.com<\/a>\u00a0\/ 0907 313 909<\/h6>\n<p>&nbsp;<\/p>\n<h6><strong>Nikola Balber\u010d\u00e1kov\u00e1<\/strong> \/ PR, social<\/h6>\n<h6><a href=\"mailto:n.balbercakova@gmail.com\" target=\"_blank\" rel=\"noopener\">n.balbercakova@gmail.com<\/a><\/h6>\n<h6><\/h6>\n<h6><strong>Martin Kri\u0161tof<\/strong> \/ PR<\/h6>\n<h6><a href=\"mailto:matin.kistof@gmail.com\">matin.kistof@gmail.com<\/a><\/h6>\n<p>&nbsp;<\/p>\n<h6><strong>Address:<\/strong><br \/>\nooo o.z.<br \/>\nZuzany Chalupovej 11a<br \/>\n85107 Bratislava, Slovakia<\/h6>\n<p>&nbsp;<\/p>\n<h6><a href=\"https:\/\/zdruzenie.ooo\/billing\/\">Billing information<\/a><\/h6>\n<p><\/p>","protected":false},"excerpt":{"rendered":"<p>&nbsp; &nbsp; &nbsp; Eva Voz\u00e1rov\u00e1 \/ program, fundraising, PR eva@zdruzenie.ooo \/ 0903 103 015 &nbsp; Fero Kir\u00e1ly \/ program, production, booking fero.kiraly@gmail.com\u00a0\/ 0904 219 364 &nbsp; T\u00e1\u0148a Lehock\u00e1 \/ production lehocka.tana@gmail.com\u00a0\/ 0908 144 810 &nbsp; Alexandra Mirekov\u00e1 \/ production sashisko@gmail.com\u00a0\/ 0907 313 909 &nbsp; Nikola Balber\u010d\u00e1kov\u00e1 \/ PR, social n.balbercakova@gmail.com Martin Kri\u0161tof \/ PR matin.kistof@gmail.com [&#8230;]<\/p>\n<p><a class=\"btn btn-secondary understrap-read-more-link\" href=\"https:\/\/zdruzenie.ooo\/en\/kontakt\/\">Read More&#8230;<span class=\"screen-reader-text\"> from Contact<\/span><\/a><\/p>\n","protected":false},"author":1,"featured_media":0,"parent":0,"menu_order":0,"comment_status":"closed","ping_status":"closed","template":"","meta":{"footnotes":""},"class_list":["post-1183","page","type-page","status-publish","hentry"],"_links":{"self":[{"href":"https:\/\/zdruzenie.ooo\/en\/wp-json\/wp\/v2\/pages\/1183","targetHints":{"allow":["GET"]}}],"collection":[{"href":"https:\/\/zdruzenie.ooo\/en\/wp-json\/wp\/v2\/pages"}],"about":[{"href":"https:\/\/zdruzenie.ooo\/en\/wp-json\/wp\/v2\/types\/page"}],"author":[{"embeddable":true,"href":"https:\/\/zdruzenie.ooo\/en\/wp-json\/wp\/v2\/users\/1"}],"replies":[{"embeddable":true,"href":"https:\/\/zdruzenie.ooo\/en\/wp-json\/wp\/v2\/comments?post=1183"}],"version-history":[{"count":14,"href":"https:\/\/zdruzenie.ooo\/en\/wp-json\/wp\/v2\/pages\/1183\/revisions"}],"predecessor-version":[{"id":2353,"href":"https:\/\/zdruzenie.ooo\/en\/wp-json\/wp\/v2\/pages\/1183\/revisions\/2353"}],"wp:attachment":[{"href":"https:\/\/zdruzenie.ooo\/en\/wp-json\/wp\/v2\/media?parent=1183"}],"curies":[{"name":"wp","href":"https:\/\/api.w.org\/{rel}","templated":true}]}}