














{"id":135,"date":"2021-03-03T12:06:03","date_gmt":"2021-03-03T12:06:03","guid":{"rendered":"https:\/\/zdruzenie.ooo\/?page_id=135"},"modified":"2025-12-08T23:48:19","modified_gmt":"2025-12-08T22:48:19","slug":"oo","status":"publish","type":"page","link":"https:\/\/zdruzenie.ooo\/en\/oo\/","title":{"rendered":"Partners and donors"},"content":{"rendered":"<p><strong>Partneri ooo v roku 2024:<\/strong><\/p>\n<p>Projekty <strong>ooo_2024, UBUNTU \/ AlL You Can Eat, Nov\u00e9 u\u0161i 24<\/strong>\u00a0a <strong>JAMA \u2013 78. ro\u010dn\u00edk Milana Adam\u010diaka<\/strong> podporil ako hlavn\u00fd partner z verejn\u00fdch zdrojov <a href=\"http:\/\/www.fpu.sk\">Fond na podporu umenia,.<\/a><\/p>\n<p>Projekt <strong>JAMA \u2013 78. ro\u010dn\u00edk Milana Adam\u010diaka<\/strong> \u010falej podporila SOZA.<\/p>\n<p>Za podporu \u010fakujeme firme <a href=\"https:\/\/www.websupport.sk\/\">Websupport<\/a>.<\/p>\n<p>&nbsp;<\/p>\n<p><strong>Partneri ooo v roku 2023:<\/strong><\/p>\n<p>Projekty <strong>ooo_2023<\/strong>\u00a0a <strong>JAMA \u2013 77. ro\u010dn\u00edk Milana Adam\u010diaka<\/strong> podporil ako hlavn\u00fd partner z verejn\u00fdch zdrojov <a href=\"http:\/\/www.fpu.sk\">Fond na podporu umenia,<\/a><\/p>\n<p>Porjekt <strong>JAMA \u2013 77. ro\u010dn\u00edk Milana Adam\u010diaka \u010falej podporili <\/strong>SOZA, Banskobysrrick\u00fd samospr\u00e1vny kraj, Nad\u00e1cia SPP a Hudobn\u00fd fond.<\/p>\n<p>Projekt <strong>Fonendoskop \/ Zvukov\u00e9 topografie<\/strong> podporila <a href=\"https:\/\/nadaciamesta.bratislava.sk\/\">Nad\u00e1cia mesta Bratislavy<\/a>, Fond na podporu umenia a <a href=\"https:\/\/bratislavskykraj.sk\/\">Bratislavsk\u00fd samospr\u00e1vny kraj<\/a>.<\/p>\n<p>Vydanie publik\u00e1cie <strong>EVA A ADAM \u2013 12 prel\u00fadi\u00ed pre za\u010diatok<\/strong> <span style=\"background-color: var(--bs-body-bg); color: var(--bs-body-color); font-family: var(--bs-body-font-family); font-size: var(--bs-body-font-size); font-weight: var(--bs-body-font-weight); text-align: var(--bs-body-text-align);\">bolo su\u0301c\u030cast\u030cou projektu ooo_2023, ktory\u0301 podporil ako hlavny\u0301 partner z verejny\u0301ch zdrojov Fond na podporu umenia.<\/span><\/p>\n<p>Za podporu \u010fakujeme firme <a href=\"https:\/\/www.websupport.sk\/\">Websupport<\/a>.<\/p>\n<p>&nbsp;<\/p>\n<p><strong>Partneri ooo v roku 2022:<\/strong><\/p>\n<p>Projekty <strong>ooo_2022<\/strong> a <strong>JAMA \u2013 76. ro\u010dn\u00edk Milana Adam\u010diaka<\/strong> podporil ako hlavn\u00fd partner z verejn\u00fdch zdrojov <a href=\"http:\/\/www.fpu.sk\">Fond na podporu umenia<\/a>.<\/p>\n<p>Projekty v r\u00e1mci s\u00e9rie <strong>Zvukov\u00e9 topografie<\/strong> podporila <a href=\"https:\/\/nadaciamesta.bratislava.sk\/\">Nad\u00e1cia mesta Bratislavy<\/a>, Fond na podporu umenia a <a href=\"https:\/\/bratislavskykraj.sk\/\">Bratislavsk\u00fd samospr\u00e1vny kraj<\/a>.<\/p>\n<p>Za podporu \u010fakujeme firme <a href=\"https:\/\/www.websupport.sk\/\">Websupport<\/a>.<\/p>\n<p>&nbsp;<\/p>\n<p><strong>Partneri ooo v roku 2021:<\/strong><\/p>\n<p>Projekty <strong>ooo_2021<\/strong>, <strong>JAMA \u2013 75. ro\u010dn\u00edk Milana Adam\u010diaka<\/strong> a <strong>Straten\u00fd \u010dlovek<\/strong> podporil ako hlavn\u00fd partner z verejn\u00fdch zdrojov <a href=\"http:\/\/www.fpu.sk\">Fond na podporu umenia<\/a>.<\/p>\n<p>Projekt <strong>POST<\/strong> podporila <a href=\"https:\/\/bratislava.sk\/sk\/nadacia-mesta-bratislavy\">Nad\u00e1cia mesta Bratislavy<\/a> a <a href=\"https:\/\/bratislavskykraj.sk\/\">Bratislavsk\u00fd samospr\u00e1vny kraj<\/a>.<\/p>\n<p>\u010eakujeme!<\/p>\n","protected":false},"excerpt":{"rendered":"<p>Partneri ooo v roku 2024: Projekty ooo_2024, UBUNTU \/ AlL You Can Eat, Nov\u00e9 u\u0161i 24\u00a0a JAMA \u2013 78. ro\u010dn\u00edk Milana Adam\u010diaka podporil ako hlavn\u00fd partner z verejn\u00fdch zdrojov Fond na podporu umenia,. Projekt JAMA \u2013 78. ro\u010dn\u00edk Milana Adam\u010diaka \u010falej podporila SOZA. Za podporu \u010fakujeme firme Websupport. &nbsp; Partneri ooo v roku 2023: Projekty [&#8230;]<\/p>\n<p><a class=\"btn btn-secondary understrap-read-more-link\" href=\"https:\/\/zdruzenie.ooo\/en\/oo\/\">Read More&#8230;<span class=\"screen-reader-text\"> from Partners and donors<\/span><\/a><\/p>\n","protected":false},"author":2,"featured_media":0,"parent":0,"menu_order":0,"comment_status":"closed","ping_status":"closed","template":"page-templates\/page-textova.php","meta":{"footnotes":""},"class_list":["post-135","page","type-page","status-publish","hentry"],"_links":{"self":[{"href":"https:\/\/zdruzenie.ooo\/en\/wp-json\/wp\/v2\/pages\/135","targetHints":{"allow":["GET"]}}],"collection":[{"href":"https:\/\/zdruzenie.ooo\/en\/wp-json\/wp\/v2\/pages"}],"about":[{"href":"https:\/\/zdruzenie.ooo\/en\/wp-json\/wp\/v2\/types\/page"}],"author":[{"embeddable":true,"href":"https:\/\/zdruzenie.ooo\/en\/wp-json\/wp\/v2\/users\/2"}],"replies":[{"embeddable":true,"href":"https:\/\/zdruzenie.ooo\/en\/wp-json\/wp\/v2\/comments?post=135"}],"version-history":[{"count":29,"href":"https:\/\/zdruzenie.ooo\/en\/wp-json\/wp\/v2\/pages\/135\/revisions"}],"predecessor-version":[{"id":2297,"href":"https:\/\/zdruzenie.ooo\/en\/wp-json\/wp\/v2\/pages\/135\/revisions\/2297"}],"wp:attachment":[{"href":"https:\/\/zdruzenie.ooo\/en\/wp-json\/wp\/v2\/media?parent=135"}],"curies":[{"name":"wp","href":"https:\/\/api.w.org\/{rel}","templated":true}]}}