














{"id":1873,"date":"2025-11-24T12:19:40","date_gmt":"2025-11-24T11:19:40","guid":{"rendered":"https:\/\/zdruzenie.ooo\/?page_id=1873"},"modified":"2026-02-12T23:24:13","modified_gmt":"2026-02-12T22:24:13","slug":"uuu-team","status":"publish","type":"page","link":"https:\/\/zdruzenie.ooo\/en\/uuu-team\/","title":{"rendered":"\u00fa\u00fa\u00fa team"},"content":{"rendered":"","protected":false},"excerpt":{"rendered":"<p> [&#8230;]<\/p>\n<p><a class=\"btn btn-secondary understrap-read-more-link\" href=\"https:\/\/zdruzenie.ooo\/en\/uuu-team\/\">Read More&#8230;<span class=\"screen-reader-text\"> from \u00fa\u00fa\u00fa team<\/span><\/a><\/p>\n","protected":false},"author":1,"featured_media":0,"parent":0,"menu_order":0,"comment_status":"closed","ping_status":"closed","template":"page-templates\/page-tn-team.php","meta":{"footnotes":""},"class_list":["post-1873","page","type-page","status-publish","hentry"],"_links":{"self":[{"href":"https:\/\/zdruzenie.ooo\/en\/wp-json\/wp\/v2\/pages\/1873","targetHints":{"allow":["GET"]}}],"collection":[{"href":"https:\/\/zdruzenie.ooo\/en\/wp-json\/wp\/v2\/pages"}],"about":[{"href":"https:\/\/zdruzenie.ooo\/en\/wp-json\/wp\/v2\/types\/page"}],"author":[{"embeddable":true,"href":"https:\/\/zdruzenie.ooo\/en\/wp-json\/wp\/v2\/users\/1"}],"replies":[{"embeddable":true,"href":"https:\/\/zdruzenie.ooo\/en\/wp-json\/wp\/v2\/comments?post=1873"}],"version-history":[{"count":18,"href":"https:\/\/zdruzenie.ooo\/en\/wp-json\/wp\/v2\/pages\/1873\/revisions"}],"predecessor-version":[{"id":2395,"href":"https:\/\/zdruzenie.ooo\/en\/wp-json\/wp\/v2\/pages\/1873\/revisions\/2395"}],"wp:attachment":[{"href":"https:\/\/zdruzenie.ooo\/en\/wp-json\/wp\/v2\/media?parent=1873"}],"curies":[{"name":"wp","href":"https:\/\/api.w.org\/{rel}","templated":true}]}}