














{"id":309,"date":"2022-02-25T17:12:18","date_gmt":"2022-02-25T17:12:18","guid":{"rendered":"https:\/\/zdruzenie.ooo\/?page_id=309"},"modified":"2025-02-22T15:59:55","modified_gmt":"2025-02-22T14:59:55","slug":"zdroje","status":"publish","type":"page","link":"https:\/\/zdruzenie.ooo\/en\/zdroje\/","title":{"rendered":"Resources"},"content":{"rendered":"<p><\/p>\n<h6><strong>June 2022:<\/strong> <a href=\"https:\/\/zdruzenie.ooo\/wp-content\/uploads\/2023\/03\/ooo_ZVUKOVE_TOPOGRAFIE_bulletin.pdf\">Bulletin for project Sound Topographies 1 \u2013 3.<\/a> Text. SK<\/h6>\n<p><\/p>\n<h6><strong>June 2022:<\/strong> F. Kir\u00e1ly: <a href=\"https:\/\/zdruzenie.ooo\/hladanie-moznosti\/\">In search of possibilities.<\/a> Text. SK<\/h6>\n<p><\/p>\n<h6><strong>June 2022:<\/strong> E. Voz\u00e1rov\u00e1: <a href=\"https:\/\/zdruzenie.ooo\/nepocujem-ta\/\">I can&#8217;t hear you<\/a>. Accompanying text for Sound Topographies #2. Text. SK<\/h6>\n<p><\/p>\n<h6><strong>May 2022:<\/strong> Mgr. M. \u0160ib\u00edkov\u00e1, PhD: <a href=\"https:\/\/zdruzenie.ooo\/o-bioakustike\/\">On bioacoustics<\/a>. Accompanying text for Sound Topographies #1. Text. SK<\/h6>\n<p><\/p>\n<h6><strong>January 2022:<\/strong> <a href=\"https:\/\/zdruzenie.ooo\/umela-inteligencia-moze-byt-zaujimavym-rozsirenim-supravy-nastrojov-pre-umelcov\/\">Artificial intelligence can be an interesting extension of the toolkit for artists (interview with Marko Ciciliani)<\/a>. Musical life magazine 1-2 \/ 2022. Text. SK<\/h6>\n<p><\/p>\n<h6><strong>December 2021:<\/strong> E. Voz\u00e1rov\u00e1, F. Kir\u00e1ly:<a href=\"https:\/\/zdruzenie.ooo\/su-temy-na-ktore-nesmieme-mysliet\/\"> There are topics we must not think about (interview with Rainer O. Neugebauer).<\/a> Vlna 89. Text. SK<\/h6>\n<p><\/p>\n<h6><strong>December 2021:<\/strong> <a href=\"https:\/\/vimeo.com\/662229755\">Hauke Harder \u2013 Grigio Due.<\/a> Videodocumentation of sound installation in the Slovak National Gallery. Video. ooo. SK, EN<\/h6>\n<p><\/p>\n<h6><strong>November 2021:<\/strong> <a href=\"https:\/\/vimeo.com\/657789570\">POST.<\/a> Videodocumentation of sound installation. Video. ooo. SK<\/h6>\n<p><\/p>\n<h6><strong>September 2021:<\/strong> T. Pri\u0161tiak: <a href=\"https:\/\/vimeo.com\/628437501\">To be your own audience (JAMA 2020 anti-aftermovie).<\/a> ISCM \u2013 Slovak section. Video. SK, EN<\/h6>\n<p><\/p>\n<h6><strong>September 2021:<\/strong> J. Lipt\u00e1kov\u00e1: <a href=\"https:\/\/spectator.sme.sk\/c\/22738586\/symphony-of-destruction-art-installation-plays-on-sounds-of-demolished-pko-site.html\">Symphony of destruction: Art installation plays on sounds of demolished PKO site.<\/a> Slovak Spectator. Text. EN<\/h6>\n<p><\/p>\n<h6><strong>August 2021:<\/strong> O. Reh\u00e1k: <a href=\"https:\/\/dennikn.sk\/2512423\/zachranili-povodny-kusok-z-bratislavskeho-pko-a-teraz-z-neho-spravili-umelecke-dielo\/\">They saved an original piece from the Bratislava PKO. They turned it into a work of art.<\/a> <span data-cabriot=\"2512423\">Denn\u00edk N. Text. SK<\/span><\/h6>\n<p><\/p>\n<h6><strong>April 2020:<\/strong> T. Pri\u0161tiak: <a href=\"https:\/\/vimeo.com\/395972765\">And they tought it would be too quiet (JAMA 2019 aftermovie).<\/a> ISCM \u2013 Slovak section. Video. SK, EN.<\/h6>\n<p><\/p>","protected":false},"excerpt":{"rendered":"<p>June 2022: Bulletin for project Sound Topographies 1 \u2013 3. Text. SK June 2022: F. Kir\u00e1ly: In search of possibilities. Text. SK June 2022: E. Voz\u00e1rov\u00e1: I can&#8217;t hear you. Accompanying text for Sound Topographies #2. Text. SK May 2022: Mgr. M. \u0160ib\u00edkov\u00e1, PhD: On bioacoustics. Accompanying text for Sound Topographies #1. Text. SK January [&#8230;]<\/p>\n<p><a class=\"btn btn-secondary understrap-read-more-link\" href=\"https:\/\/zdruzenie.ooo\/en\/zdroje\/\">Read More&#8230;<span class=\"screen-reader-text\"> from Resources<\/span><\/a><\/p>\n","protected":false},"author":2,"featured_media":0,"parent":0,"menu_order":0,"comment_status":"closed","ping_status":"closed","template":"page-templates\/fullwidthpage.php","meta":{"footnotes":""},"class_list":["post-309","page","type-page","status-publish","hentry"],"_links":{"self":[{"href":"https:\/\/zdruzenie.ooo\/en\/wp-json\/wp\/v2\/pages\/309","targetHints":{"allow":["GET"]}}],"collection":[{"href":"https:\/\/zdruzenie.ooo\/en\/wp-json\/wp\/v2\/pages"}],"about":[{"href":"https:\/\/zdruzenie.ooo\/en\/wp-json\/wp\/v2\/types\/page"}],"author":[{"embeddable":true,"href":"https:\/\/zdruzenie.ooo\/en\/wp-json\/wp\/v2\/users\/2"}],"replies":[{"embeddable":true,"href":"https:\/\/zdruzenie.ooo\/en\/wp-json\/wp\/v2\/comments?post=309"}],"version-history":[{"count":32,"href":"https:\/\/zdruzenie.ooo\/en\/wp-json\/wp\/v2\/pages\/309\/revisions"}],"predecessor-version":[{"id":1244,"href":"https:\/\/zdruzenie.ooo\/en\/wp-json\/wp\/v2\/pages\/309\/revisions\/1244"}],"wp:attachment":[{"href":"https:\/\/zdruzenie.ooo\/en\/wp-json\/wp\/v2\/media?parent=309"}],"curies":[{"name":"wp","href":"https:\/\/api.w.org\/{rel}","templated":true}]}}