














{"id":780,"date":"2024-01-11T11:52:43","date_gmt":"2024-01-11T10:52:43","guid":{"rendered":"https:\/\/zdruzenie.ooo\/?page_id=780"},"modified":"2026-02-16T13:09:29","modified_gmt":"2026-02-16T12:09:29","slug":"dvepercenta","status":"publish","type":"page","link":"https:\/\/zdruzenie.ooo\/en\/dvepercenta\/","title":{"rendered":"2 percenta"},"content":{"rendered":"<p><strong>Ahojte! Budeme radi, ak podpor\u00edte na\u0161u \u010dinnos\u0165 darovan\u00edm 2% z va\u0161ich dan\u00ed.<\/strong><\/p>\n<p><strong><span style=\"text-decoration: underline;\">Na\u0161e \u00fadaje:<\/span><\/strong><\/p>\n<p><strong>ooo<\/strong><br \/>\nZuzany Chalupovej 11a<br \/>\n85107<br \/>\nBratislava \u2013 mestk\u00e1 \u010das\u0165 Petr\u017ealka<br \/>\n<strong>I\u010cO:<\/strong> 53073118<br \/>\n<strong>Pr\u00e1vna forma:<\/strong> ob\u010dianske zdru\u017eenie<\/p>\n<p><em>(N\u00e1\u0161 n\u00e1zov sa p\u00ed\u0161e ako tri mal\u00e9 o, nie tri nuly.)<\/em><\/p>\n<p>Zdru\u017eenie ooo sme zalo\u017eili na jar 2020 ako platformu pre sound art a intermedi\u00e1lne umenie, ktor\u00e1 n\u00e1m na Slovensku ch\u00fdbala. Pozna\u0165 n\u00e1s m\u00f4\u017eete najm\u00e4 skrz podujatie <a href=\"https:\/\/www.jama.ooo\/\">JAMA<\/a>, ktor\u00e9 organizujeme ka\u017ed\u00fd rok v okt\u00f3bri v Banskej Belej a okol\u00ed, no za tri a pol roka sme stihli aj dos\u0165 in\u00e9ho. Aktu\u00e1lne m\u00e1me za sebou viac ne\u017e 70 autorsk\u00fdch, kur\u00e1torsk\u00fdch a vzdel\u00e1vac\u00edch aktiv\u00edt a projektov, medzi nimi napr\u00edklad:<\/p>\n<ul>\n<li>site-specific autorsko-kur\u00e1torsk\u00fa s\u00e9riu <a href=\"https:\/\/zdruzenie.ooo\/projekty\/zvukove-topografie\/\">Zvukov\u00e9 topografie<\/a>,<\/li>\n<li>realiz\u00e1ciu akustick\u00fdch intervenci\u00ed <a href=\"https:\/\/zdruzenie.ooo\/projekty\/fonendoskop\/\">Fonendoskop<\/a>,<\/li>\n<li>vytvorenie a vydanie zbierky n\u00f4t pre klav\u00edrnych za\u010diato\u010dn\u00edkov a za\u010diati\u010dn\u00ed\u010dky v dospelom veku <a href=\"https:\/\/zdruzenie.ooo\/projekty\/eva-a-adam\/\">EVA A ADAM \u2013 12 prel\u00fadi\u00ed pre za\u010diatok,<\/a><\/li>\n<li>organiz\u00e1ciu v\u00fdstavy <a href=\"https:\/\/stratenyclovek.zdruzenie.ooo\/?lang=sk\">Straten\u00fd \u010dlovek<\/a> v kur\u00e1torskej koncepcii Lucie G. Stach (v spolupr\u00e1ci so SNG),<\/li>\n<li>realiz\u00e1ciu prelomov\u00e9ho soundartov\u00e9ho diela <a href=\"https:\/\/zdruzenie.ooo\/projekty\/room\/\">I Am Sitting in a Room<\/a> americk\u00e9ho skladate\u013ea A. Luciera na Slovensku a v \u010cR,<\/li>\n<li>pozvanie ma\u010farskej performerky a poetky <a href=\"https:\/\/zdruzenie.ooo\/projekty\/katalin-ladik-sng\/\">Katalin Ladik do Bratislavy<\/a>.<\/li>\n<\/ul>\n<p>Okrem toho priebe\u017ene organizujeme workshopy, semin\u00e1re a vzdel\u00e1vacie stretnutia o <a href=\"https:\/\/zdruzenie.ooo\/projekty\/nove-usi\/\">s\u00fa\u010dasnej hudbe<\/a> a <a href=\"https:\/\/zdruzenie.ooo\/projekty\/cisliconastroje\/\">zvukovom umen\u00ed<\/a> pre deti a ml\u00e1de\u017e z r\u00f4znych prostred\u00ed, spolupr\u00e1cujeme na dramaturgii projektu <a href=\"https:\/\/www.trencin2026.sk\/\">Tren\u010d\u00edn 2026<\/a> a v\u0161eli\u010do in\u00e9.<\/p>\n<p>Eva a Fero<\/p>","protected":false},"excerpt":{"rendered":"<p>Ahojte! Budeme radi, ak podpor\u00edte na\u0161u \u010dinnos\u0165 darovan\u00edm 2% z va\u0161ich dan\u00ed. Na\u0161e \u00fadaje: ooo Zuzany Chalupovej 11a 85107 Bratislava \u2013 mestk\u00e1 \u010das\u0165 Petr\u017ealka I\u010cO: 53073118 Pr\u00e1vna forma: ob\u010dianske zdru\u017eenie (N\u00e1\u0161 n\u00e1zov sa p\u00ed\u0161e ako tri mal\u00e9 o, nie tri nuly.) Zdru\u017eenie ooo sme zalo\u017eili na jar 2020 ako platformu pre sound art a intermedi\u00e1lne [&#8230;]<\/p>\n<p><a class=\"btn btn-secondary understrap-read-more-link\" href=\"https:\/\/zdruzenie.ooo\/en\/dvepercenta\/\">Read More&#8230;<span class=\"screen-reader-text\"> from 2 percenta<\/span><\/a><\/p>\n","protected":false},"author":2,"featured_media":0,"parent":0,"menu_order":0,"comment_status":"closed","ping_status":"closed","template":"page-templates\/page-textova.php","meta":{"footnotes":""},"class_list":["post-780","page","type-page","status-publish","hentry"],"_links":{"self":[{"href":"https:\/\/zdruzenie.ooo\/en\/wp-json\/wp\/v2\/pages\/780","targetHints":{"allow":["GET"]}}],"collection":[{"href":"https:\/\/zdruzenie.ooo\/en\/wp-json\/wp\/v2\/pages"}],"about":[{"href":"https:\/\/zdruzenie.ooo\/en\/wp-json\/wp\/v2\/types\/page"}],"author":[{"embeddable":true,"href":"https:\/\/zdruzenie.ooo\/en\/wp-json\/wp\/v2\/users\/2"}],"replies":[{"embeddable":true,"href":"https:\/\/zdruzenie.ooo\/en\/wp-json\/wp\/v2\/comments?post=780"}],"version-history":[{"count":23,"href":"https:\/\/zdruzenie.ooo\/en\/wp-json\/wp\/v2\/pages\/780\/revisions"}],"predecessor-version":[{"id":2401,"href":"https:\/\/zdruzenie.ooo\/en\/wp-json\/wp\/v2\/pages\/780\/revisions\/2401"}],"wp:attachment":[{"href":"https:\/\/zdruzenie.ooo\/en\/wp-json\/wp\/v2\/media?parent=780"}],"curies":[{"name":"wp","href":"https:\/\/api.w.org\/{rel}","templated":true}]}}