














{"id":9,"date":"2021-01-19T15:55:33","date_gmt":"2021-01-19T15:55:33","guid":{"rendered":"http:\/\/localhost\/ooo\/?page_id=9"},"modified":"2025-10-02T17:24:04","modified_gmt":"2025-10-02T16:24:04","slug":"o","status":"publish","type":"page","link":"https:\/\/zdruzenie.ooo\/en\/o\/","title":{"rendered":"ooo"},"content":{"rendered":"<p>Artistic collective ooo is creating space for exploring the world through sound, contemporary music, and intermedia art. Our artistic and curatorial approach is rooted in hope\u2014for all living beings on this planet\u2014even as we live through the sixth mass extinction in Earth\u2019s history. Our efforts focus on projects that delve into the complex relationships between human and non-human beings, including work in acoustic ecology through the project Sonic Topographies, the intermedia environment <a href=\"https:\/\/zdruzenie.ooo\/projekty\/jama\/\">JAMA<\/a>, and educational activities <a href=\"https:\/\/zdruzenie.ooo\/projekty\/nove-usi\/\">New Ears<\/a>. Collective ooo is based in Bratislava, Slovakia and is a member of <a href=\"https:\/\/cense.earth\/\" target=\"_blank\" rel=\"noopener\">Central European Network for Sonic Ecologies<\/a><\/p>\n<p>The name ooo was originally intended to be read as \u201c\u00f3\u201d (Slovak long \u201coh\u201d), but we enjoy any other possible interpretation that may come up. The name arose from our preoccupation with sound, but, equally, it is an interjection expressing the ever-important sense of joy and wonder. At the same time, ooo is a triple zero, an absence, a visual expression of a rounded or negative space \u2013 that is, a pit (Slovak word for <a href=\"https:\/\/www.jama.ooo\/\">JAMA<\/a>) from which our activities emerged.<\/p>\n<h6><\/h6>\n<h6><b>Fero Kir\u00e1ly <\/b>is a musician. He studied piano, but focuses on interdisciplinary projects with an interest in digital technologies and their intersections with music. His projects overlap with performance, sound art, installations and interpretation of contemporary music. He collaborates with musicians, artists, performers, theater artists, visual artists (e.g. Bohu\u0161 and Monika Kubinsk\u00ed, Petra Fornayov\u00e1, Zuzana \u017dabkov\u00e1, Jakub Pi\u0161ek, Lina Lapayete, Maja Osojnik, Hillary Jeffrey, Hauke Harder, Daniel Matej, Juraj Bartusz, Peter Machajd\u00edk, Eva \u0160u\u0161kov\u00e1 a.i.). He is also involved in music education projects. He is a co-founder and artistic director of Cluster ensemble, with whom he has created projects for the Czech National Theater (2018, 2019) or the album\u00a0<i>Cluster ensemble plays Philip Glass<\/i>\u00a0published by Philip Glass\u2019s record label Orange Mountain Music (2016).<\/h6>\n<h6><\/h6>\n<p>&nbsp;<\/p>\n<h6><b>Eva Voz\u00e1rov\u00e1 <\/b>is a dramaturge, performer, writer, and cultural manager. She is engaged in curatorial and authorial activities in the field of sound art and intermedia. She has collaborated with artists from the realm of contemporary music and visual arts, such as Fredrik Rasten, Hans P. Kjorstad, Fero Kir\u00e1ly, Tom\u00e1\u0161 Pri\u0161tiak, Hauke Harder, Eva \u0160u\u0161kov\u00e1, and others. Currently, she is working on researching sound environments in urban settings. She has a degree in journalism.<\/h6>\n<h6><\/h6>\n<p><\/p>","protected":false},"excerpt":{"rendered":"<p>Artistic collective ooo is creating space for exploring the world through sound, contemporary music, and intermedia art. Our artistic and curatorial approach is rooted in hope\u2014for all living beings on this planet\u2014even as we live through the sixth mass extinction in Earth\u2019s history. Our efforts focus on projects that delve into the complex relationships between [&#8230;]<\/p>\n<p><a class=\"btn btn-secondary understrap-read-more-link\" href=\"https:\/\/zdruzenie.ooo\/en\/o\/\">Read More&#8230;<span class=\"screen-reader-text\"> from ooo<\/span><\/a><\/p>\n","protected":false},"author":1,"featured_media":0,"parent":0,"menu_order":0,"comment_status":"closed","ping_status":"closed","template":"page-templates\/page-textova.php","meta":{"footnotes":""},"class_list":["post-9","page","type-page","status-publish","hentry"],"_links":{"self":[{"href":"https:\/\/zdruzenie.ooo\/en\/wp-json\/wp\/v2\/pages\/9","targetHints":{"allow":["GET"]}}],"collection":[{"href":"https:\/\/zdruzenie.ooo\/en\/wp-json\/wp\/v2\/pages"}],"about":[{"href":"https:\/\/zdruzenie.ooo\/en\/wp-json\/wp\/v2\/types\/page"}],"author":[{"embeddable":true,"href":"https:\/\/zdruzenie.ooo\/en\/wp-json\/wp\/v2\/users\/1"}],"replies":[{"embeddable":true,"href":"https:\/\/zdruzenie.ooo\/en\/wp-json\/wp\/v2\/comments?post=9"}],"version-history":[{"count":75,"href":"https:\/\/zdruzenie.ooo\/en\/wp-json\/wp\/v2\/pages\/9\/revisions"}],"predecessor-version":[{"id":1387,"href":"https:\/\/zdruzenie.ooo\/en\/wp-json\/wp\/v2\/pages\/9\/revisions\/1387"}],"wp:attachment":[{"href":"https:\/\/zdruzenie.ooo\/en\/wp-json\/wp\/v2\/media?parent=9"}],"curies":[{"name":"wp","href":"https:\/\/api.w.org\/{rel}","templated":true}]}}